{"id":91,"date":"2024-06-20T10:03:57","date_gmt":"2024-06-20T13:03:57","guid":{"rendered":"https:\/\/batoncombola.com.br\/?page_id=91"},"modified":"2024-06-20T10:03:58","modified_gmt":"2024-06-20T13:03:58","slug":"sobre","status":"publish","type":"page","link":"https:\/\/batoncombola.com.br\/?page_id=91","title":{"rendered":"sobre"},"content":{"rendered":"\n<div class=\"wp-block-columns is-layout-flex wp-container-core-columns-is-layout-28f84493 wp-block-columns-is-layout-flex\">\n<div class=\"wp-block-column is-layout-flow wp-block-column-is-layout-flow\" style=\"flex-basis:100%\">\n<div class=\"wp-block-uagb-container uagb-block-476bafd9 alignfull uagb-is-root-container\"><div class=\"uagb-container-inner-blocks-wrap\">\n<div class=\"wp-block-columns is-layout-flex wp-container-core-columns-is-layout-28f84493 wp-block-columns-is-layout-flex\">\n<div class=\"wp-block-column is-layout-flow wp-block-column-is-layout-flow\">\n<div class=\"wp-block-uagb-image uagb-block-c0505729 wp-block-uagb-image--layout-default wp-block-uagb-image--effect-static wp-block-uagb-image--align-none\"><figure class=\"wp-block-uagb-image__figure\"><img decoding=\"async\" srcset=\"https:\/\/batoncombola.com.br\/wp-content\/uploads\/2024\/06\/Site-2024-presentefesta-edited.png ,https:\/\/batoncombola.com.br\/wp-content\/uploads\/2024\/06\/Site-2024-presentefesta.png 780w, https:\/\/batoncombola.com.br\/wp-content\/uploads\/2024\/06\/Site-2024-presentefesta.png 360w\" sizes=\"auto, (max-width: 480px) 150px\" src=\"https:\/\/batoncombola.com.br\/wp-content\/uploads\/2024\/06\/Site-2024-presentefesta-edited.png\" alt=\"\" class=\"uag-image-92\" width=\"530\" height=\"162\" title=\"Site 2024-presentefesta\" loading=\"lazy\" role=\"img\"\/><\/figure><\/div>\n<\/div>\n\n\n\n<div class=\"wp-block-column is-layout-flow wp-block-column-is-layout-flow\">\n<h2 class=\"wp-block-heading\">A Baton com Bola \u00e9 assim&#8230;<\/h2>\n\n\n\n<p>Irreverente, presente em todos os momentos com muita alegria, trazendo suas cores vivas, despontando com cole\u00e7\u00f5es encantadoras; Seus clientes vibram colecionando cada pe\u00e7a, vivendo uma hist\u00f3ria de amor e cumplicidade.<br>A Baton com Bola est\u00e1 h\u00e1 <strong>32 anos no mercado<\/strong> fidelizando sempre seus os clientes e mantendo sua fidelidade aos existentes.<br>A Baton com Bola \u00e9 uma grande fam\u00edlia. Valorizamos cada funcion\u00e1rio, cada opini\u00e3o para o surgimento ou nascimento de uma nova ideia, de um novo modelo.<br>A Baton com Bola \u00e9 assim\u2026<br>Presente em todos os momentos\u2026<\/p>\n<\/div>\n<\/div>\n<\/div><\/div>\n<\/div>\n<\/div>\n\n\n\n<div class=\"wp-block-uagb-image uagb-block-0786c9f8 wp-block-uagb-image--layout-default wp-block-uagb-image--effect-static wp-block-uagb-image--align-none\"><figure class=\"wp-block-uagb-image__figure\"><img decoding=\"async\" srcset=\"https:\/\/batoncombola.com.br\/wp-content\/uploads\/2024\/06\/IMGP0220-1024x683.jpg ,https:\/\/batoncombola.com.br\/wp-content\/uploads\/2024\/06\/IMGP0220.jpg 780w, https:\/\/batoncombola.com.br\/wp-content\/uploads\/2024\/06\/IMGP0220.jpg 360w\" sizes=\"auto, (max-width: 480px) 150px\" src=\"https:\/\/batoncombola.com.br\/wp-content\/uploads\/2024\/06\/IMGP0220-1024x683.jpg\" alt=\"\" class=\"uag-image-93\" width=\"1076\" height=\"718\" title=\"IMGP0220\" loading=\"lazy\" role=\"img\"\/><\/figure><\/div>\n","protected":false},"excerpt":{"rendered":"<p>A Baton com Bola \u00e9 assim&#8230; Irreverente, presente em todos os momentos com muita alegria, trazendo suas cores vivas, despontando [&hellip;]<\/p>\n","protected":false},"author":1,"featured_media":0,"parent":0,"menu_order":0,"comment_status":"closed","ping_status":"closed","template":"","meta":{"_uag_custom_page_level_css":"","_monsterinsights_skip_tracking":false,"_monsterinsights_sitenote_active":false,"_monsterinsights_sitenote_note":"","_monsterinsights_sitenote_category":0,"site-sidebar-layout":"default","site-content-layout":"","ast-site-content-layout":"","site-content-style":"default","site-sidebar-style":"default","ast-global-header-display":"","ast-banner-title-visibility":"","ast-main-header-display":"","ast-hfb-above-header-display":"","ast-hfb-below-header-display":"","ast-hfb-mobile-header-display":"","site-post-title":"","ast-breadcrumbs-content":"","ast-featured-img":"","footer-sml-layout":"","theme-transparent-header-meta":"","adv-header-id-meta":"","stick-header-meta":"","header-above-stick-meta":"","header-main-stick-meta":"","header-below-stick-meta":"","astra-migrate-meta-layouts":"default","ast-page-background-enabled":"default","ast-page-background-meta":{"desktop":{"background-color":"var(--ast-global-color-4)","background-image":"","background-repeat":"repeat","background-position":"center center","background-size":"auto","background-attachment":"scroll","background-type":"","background-media":"","overlay-type":"","overlay-color":"","overlay-opacity":"","overlay-gradient":""},"tablet":{"background-color":"","background-image":"","background-repeat":"repeat","background-position":"center center","background-size":"auto","background-attachment":"scroll","background-type":"","background-media":"","overlay-type":"","overlay-color":"","overlay-opacity":"","overlay-gradient":""},"mobile":{"background-color":"","background-image":"","background-repeat":"repeat","background-position":"center center","background-size":"auto","background-attachment":"scroll","background-type":"","background-media":"","overlay-type":"","overlay-color":"","overlay-opacity":"","overlay-gradient":""}},"ast-content-background-meta":{"desktop":{"background-color":"var(--ast-global-color-5)","background-image":"","background-repeat":"repeat","background-position":"center center","background-size":"auto","background-attachment":"scroll","background-type":"","background-media":"","overlay-type":"","overlay-color":"","overlay-opacity":"","overlay-gradient":""},"tablet":{"background-color":"var(--ast-global-color-5)","background-image":"","background-repeat":"repeat","background-position":"center center","background-size":"auto","background-attachment":"scroll","background-type":"","background-media":"","overlay-type":"","overlay-color":"","overlay-opacity":"","overlay-gradient":""},"mobile":{"background-color":"var(--ast-global-color-5)","background-image":"","background-repeat":"repeat","background-position":"center center","background-size":"auto","background-attachment":"scroll","background-type":"","background-media":"","overlay-type":"","overlay-color":"","overlay-opacity":"","overlay-gradient":""}},"footnotes":""},"class_list":["post-91","page","type-page","status-publish","hentry"],"aioseo_notices":[],"uagb_featured_image_src":{"full":false,"thumbnail":false,"medium":false,"medium_large":false,"large":false,"1536x1536":false,"2048x2048":false},"uagb_author_info":{"display_name":"eliezer","author_link":"https:\/\/batoncombola.com.br\/?author=1"},"uagb_comment_info":0,"uagb_excerpt":"A Baton com Bola \u00e9 assim&#8230; Irreverente, presente em todos os momentos com muita alegria, trazendo suas cores vivas, despontando [&hellip;]","_links":{"self":[{"href":"https:\/\/batoncombola.com.br\/index.php?rest_route=\/wp\/v2\/pages\/91","targetHints":{"allow":["GET"]}}],"collection":[{"href":"https:\/\/batoncombola.com.br\/index.php?rest_route=\/wp\/v2\/pages"}],"about":[{"href":"https:\/\/batoncombola.com.br\/index.php?rest_route=\/wp\/v2\/types\/page"}],"author":[{"embeddable":true,"href":"https:\/\/batoncombola.com.br\/index.php?rest_route=\/wp\/v2\/users\/1"}],"replies":[{"embeddable":true,"href":"https:\/\/batoncombola.com.br\/index.php?rest_route=%2Fwp%2Fv2%2Fcomments&post=91"}],"version-history":[{"count":1,"href":"https:\/\/batoncombola.com.br\/index.php?rest_route=\/wp\/v2\/pages\/91\/revisions"}],"predecessor-version":[{"id":94,"href":"https:\/\/batoncombola.com.br\/index.php?rest_route=\/wp\/v2\/pages\/91\/revisions\/94"}],"wp:attachment":[{"href":"https:\/\/batoncombola.com.br\/index.php?rest_route=%2Fwp%2Fv2%2Fmedia&parent=91"}],"curies":[{"name":"wp","href":"https:\/\/api.w.org\/{rel}","templated":true}]}}